{"id":497,"date":"2022-05-13T08:50:17","date_gmt":"2022-05-13T08:50:17","guid":{"rendered":"https:\/\/www.curatec.de\/curatec\/?page_id=497"},"modified":"2026-01-27T10:25:50","modified_gmt":"2026-01-27T09:25:50","slug":"impressum","status":"publish","type":"page","link":"https:\/\/www.curatec.de\/curatec\/impressum\/","title":{"rendered":"Impressum"},"content":{"rendered":"<div class=\"fusion-fullwidth fullwidth-box fusion-builder-row-1 fusion-flex-container nonhundred-percent-fullwidth non-hundred-percent-height-scrolling\" style=\"--awb-border-radius-top-left:0px;--awb-border-radius-top-right:0px;--awb-border-radius-bottom-right:0px;--awb-border-radius-bottom-left:0px;--awb-padding-top:20px;--awb-padding-bottom:30px;--awb-flex-wrap:wrap;\" ><div class=\"fusion-builder-row fusion-row fusion-flex-align-items-flex-start fusion-flex-content-wrap\" style=\"max-width:1497.6px;margin-left: calc(-4% \/ 2 );margin-right: calc(-4% \/ 2 );\"><div class=\"fusion-layout-column fusion_builder_column fusion-builder-column-0 fusion_builder_column_1_6 1_6 fusion-flex-column\" style=\"--awb-bg-size:cover;--awb-width-large:16.666666666667%;--awb-margin-top-large:0px;--awb-spacing-right-large:11.52%;--awb-margin-bottom-large:20px;--awb-spacing-left-large:11.52%;--awb-width-medium:16.666666666667%;--awb-order-medium:0;--awb-spacing-right-medium:11.52%;--awb-spacing-left-medium:11.52%;--awb-width-small:100%;--awb-order-small:0;--awb-spacing-right-small:1.92%;--awb-spacing-left-small:1.92%;\"><div class=\"fusion-column-wrapper fusion-column-has-shadow fusion-flex-justify-content-flex-start fusion-content-layout-column\"><\/div><\/div><div class=\"fusion-layout-column fusion_builder_column fusion-builder-column-1 fusion_builder_column_2_3 2_3 fusion-flex-column\" style=\"--awb-bg-size:cover;--awb-width-large:66.666666666667%;--awb-margin-top-large:0px;--awb-spacing-right-large:2.88%;--awb-margin-bottom-large:20px;--awb-spacing-left-large:2.88%;--awb-width-medium:66.666666666667%;--awb-order-medium:0;--awb-spacing-right-medium:2.88%;--awb-spacing-left-medium:2.88%;--awb-width-small:100%;--awb-order-small:0;--awb-spacing-right-small:1.92%;--awb-spacing-left-small:1.92%;\"><div class=\"fusion-column-wrapper fusion-column-has-shadow fusion-flex-justify-content-flex-start fusion-content-layout-column\"><div class=\"fusion-text fusion-text-1\" style=\"--awb-font-size:16px;--awb-line-height:24px;\"><h3>Impressum<\/h3>\n<h4>Betreiber und Kontakt:<\/h4>\n<p>Curatec Services GmbH<br \/>\nZechenstr. 62<br \/>\n47443 Moers<\/p>\n<h4>Vertretung:<\/h4>\n<p>Curatec Services GmbH wird vertreten durch Stefan Schmechel und Andreas Kliemann<br \/>\nRegister und Registernummer: Amtsgericht Kleve HBR 5881<\/p>\n<p>Telefon: +49 (2841) 9999 110<br \/>\nFax: +49 (2841) 9999 120<br \/>\nEmail: Senden Sie uns eine Email<br \/>\nHotline: +49 (800) 5889554<\/p>\n<p>Ust-IDNr.: DE207077545<\/p>\n<h4>Bilder und Grafiken:<\/h4>\n<p>Agenturfoto. Mit Model gestellt \u2013 Alle Bildmaterialen werden nur verwendet zur Veranschaulichung und bei allen Inhalten handelt es sich um abgebildeten Personen, Models.<\/p>\n<p>Angaben der Quelle f\u00fcr verwendetes Bildmaterial:<\/p>\n<p><a href=\"http:\/\/www.istockphoto.com\">www.istockphoto.com<\/a><br \/>\n\u00a9 iStock.com\/ferrantraite<br \/>\n\u00a9 iStock.com\/kzenon<br \/>\n\u00a9 iStock.com\/Paperkites<br \/>\n\u00a9 iStock.com\/AleksandarNakic<br \/>\n\u00a9 iStock.com\/Studio4<br \/>\n\u00a9 iStock.com\/Nastasic<br \/>\n\u00a9 iStock.com\/swissmediavision<br \/>\n\u00a9 iStock.com\/demaerre<\/p>\n<p><a href=\"https:\/\/www.freepik.com\">https:\/\/www.freepik.com<\/a><br \/>\n\u00a9 <a href=\"https:\/\/www.freepik.com\/free-photo\/medium-shot-couple-dancing-together_14669282.htm\">https:\/\/www.freepik.com\/free-photo\/medium-shot-couple-dancing-together_14669282.htm<\/a><\/p>\n<p><a href=\"https:\/\/stock.adobe.com\">https:\/\/stock.adobe.com<\/a><br \/>\n\u00a9 stock.adobe.com\/ovocim<\/p>\n<h4>Urheberrecht<\/h4>\n<p>\u00a9 Curatec Services GmbH 2022<\/p>\n<p>Alle Rechte vorbehalten.<\/p>\n<h4>Gew\u00e4hrleistung<\/h4>\n<p>Die Autoren und Herausgeber \u00fcbernehmen keine Gew\u00e4hr und Haftung f\u00fcr die Richtigkeit, Zuverl\u00e4ssigkeit, Vollst\u00e4ndigkeit und Aktualit\u00e4t der Information.<\/p>\n<\/div><\/div><\/div><div class=\"fusion-layout-column fusion_builder_column fusion-builder-column-2 fusion_builder_column_1_6 1_6 fusion-flex-column\" style=\"--awb-bg-size:cover;--awb-width-large:16.666666666667%;--awb-margin-top-large:0px;--awb-spacing-right-large:11.52%;--awb-margin-bottom-large:20px;--awb-spacing-left-large:11.52%;--awb-width-medium:16.666666666667%;--awb-order-medium:0;--awb-spacing-right-medium:11.52%;--awb-spacing-left-medium:11.52%;--awb-width-small:100%;--awb-order-small:0;--awb-spacing-right-small:1.92%;--awb-spacing-left-small:1.92%;\"><div class=\"fusion-column-wrapper fusion-column-has-shadow fusion-flex-justify-content-flex-start fusion-content-layout-column\"><\/div><\/div><\/div><\/div>\n","protected":false},"excerpt":{"rendered":"","protected":false},"author":1,"featured_media":0,"parent":0,"menu_order":0,"comment_status":"closed","ping_status":"closed","template":"100-width.php","meta":{"_uf_show_specific_survey":0,"_uf_disable_surveys":false,"footnotes":""},"class_list":["post-497","page","type-page","status-publish","hentry"],"aioseo_notices":[],"yoast_head":"<!-- This site is optimized with the Yoast SEO plugin v23.5 - https:\/\/yoast.com\/wordpress\/plugins\/seo\/ -->\n<title>Impressum &#8211; Curatec<\/title>\n<meta name=\"description\" content=\"Das Impressum der Curatec Services GmbH.\" \/>\n<meta name=\"robots\" content=\"index, follow, max-snippet:-1, max-image-preview:large, max-video-preview:-1\" \/>\n<link rel=\"canonical\" href=\"https:\/\/www.curatec.de\/curatec\/impressum\/\" \/>\n<meta property=\"og:locale\" content=\"de_DE\" \/>\n<meta property=\"og:type\" content=\"article\" \/>\n<meta property=\"og:title\" content=\"Impressum &#8211; Curatec\" \/>\n<meta property=\"og:description\" content=\"Das Impressum der Curatec Services GmbH.\" \/>\n<meta property=\"og:url\" content=\"https:\/\/www.curatec.de\/curatec\/impressum\/\" \/>\n<meta property=\"og:site_name\" content=\"Curatec\" \/>\n<meta property=\"article:modified_time\" content=\"2026-01-27T09:25:50+00:00\" \/>\n<meta name=\"twitter:card\" content=\"summary_large_image\" \/>\n<meta name=\"twitter:label1\" content=\"Gesch\u00e4tzte Lesezeit\" \/>\n\t<meta name=\"twitter:data1\" content=\"2\u00a0Minuten\" \/>\n<script type=\"application\/ld+json\" class=\"yoast-schema-graph\">{\"@context\":\"https:\/\/schema.org\",\"@graph\":[{\"@type\":\"WebPage\",\"@id\":\"https:\/\/www.curatec.de\/curatec\/impressum\/\",\"url\":\"https:\/\/www.curatec.de\/curatec\/impressum\/\",\"name\":\"Impressum &#8211; Curatec\",\"isPartOf\":{\"@id\":\"https:\/\/www.curatec.de\/curatec\/#website\"},\"datePublished\":\"2022-05-13T08:50:17+00:00\",\"dateModified\":\"2026-01-27T09:25:50+00:00\",\"description\":\"Das Impressum der Curatec Services GmbH.\",\"breadcrumb\":{\"@id\":\"https:\/\/www.curatec.de\/curatec\/impressum\/#breadcrumb\"},\"inLanguage\":\"de\",\"potentialAction\":[{\"@type\":\"ReadAction\",\"target\":[\"https:\/\/www.curatec.de\/curatec\/impressum\/\"]}]},{\"@type\":\"BreadcrumbList\",\"@id\":\"https:\/\/www.curatec.de\/curatec\/impressum\/#breadcrumb\",\"itemListElement\":[{\"@type\":\"ListItem\",\"position\":1,\"name\":\"Home\",\"item\":\"https:\/\/www.curatec.de\/curatec\/\"},{\"@type\":\"ListItem\",\"position\":2,\"name\":\"Impressum\"}]},{\"@type\":\"WebSite\",\"@id\":\"https:\/\/www.curatec.de\/curatec\/#website\",\"url\":\"https:\/\/www.curatec.de\/curatec\/\",\"name\":\"Curatec\",\"description\":\"\",\"publisher\":{\"@id\":\"https:\/\/www.curatec.de\/curatec\/#organization\"},\"potentialAction\":[{\"@type\":\"SearchAction\",\"target\":{\"@type\":\"EntryPoint\",\"urlTemplate\":\"https:\/\/www.curatec.de\/curatec\/?s={search_term_string}\"},\"query-input\":{\"@type\":\"PropertyValueSpecification\",\"valueRequired\":true,\"valueName\":\"search_term_string\"}}],\"inLanguage\":\"de\"},{\"@type\":\"Organization\",\"@id\":\"https:\/\/www.curatec.de\/curatec\/#organization\",\"name\":\"Curatec Services GmbH\",\"alternateName\":\"Curatec\",\"url\":\"https:\/\/www.curatec.de\/curatec\/\",\"logo\":{\"@type\":\"ImageObject\",\"inLanguage\":\"de\",\"@id\":\"https:\/\/www.curatec.de\/curatec\/#\/schema\/logo\/image\/\",\"url\":\"https:\/\/www.curatec.de\/curatec\/wp-content\/uploads\/2022\/04\/Curatec-Logo.png\",\"contentUrl\":\"https:\/\/www.curatec.de\/curatec\/wp-content\/uploads\/2022\/04\/Curatec-Logo.png\",\"width\":770,\"height\":170,\"caption\":\"Curatec Services GmbH\"},\"image\":{\"@id\":\"https:\/\/www.curatec.de\/curatec\/#\/schema\/logo\/image\/\"}}]}<\/script>\n<!-- \/ Yoast SEO plugin. -->","yoast_head_json":{"title":"Impressum &#8211; Curatec","description":"Das Impressum der Curatec Services GmbH.","robots":{"index":"index","follow":"follow","max-snippet":"max-snippet:-1","max-image-preview":"max-image-preview:large","max-video-preview":"max-video-preview:-1"},"canonical":"https:\/\/www.curatec.de\/curatec\/impressum\/","og_locale":"de_DE","og_type":"article","og_title":"Impressum &#8211; Curatec","og_description":"Das Impressum der Curatec Services GmbH.","og_url":"https:\/\/www.curatec.de\/curatec\/impressum\/","og_site_name":"Curatec","article_modified_time":"2026-01-27T09:25:50+00:00","twitter_card":"summary_large_image","twitter_misc":{"Gesch\u00e4tzte Lesezeit":"2\u00a0Minuten"},"schema":{"@context":"https:\/\/schema.org","@graph":[{"@type":"WebPage","@id":"https:\/\/www.curatec.de\/curatec\/impressum\/","url":"https:\/\/www.curatec.de\/curatec\/impressum\/","name":"Impressum &#8211; Curatec","isPartOf":{"@id":"https:\/\/www.curatec.de\/curatec\/#website"},"datePublished":"2022-05-13T08:50:17+00:00","dateModified":"2026-01-27T09:25:50+00:00","description":"Das Impressum der Curatec Services GmbH.","breadcrumb":{"@id":"https:\/\/www.curatec.de\/curatec\/impressum\/#breadcrumb"},"inLanguage":"de","potentialAction":[{"@type":"ReadAction","target":["https:\/\/www.curatec.de\/curatec\/impressum\/"]}]},{"@type":"BreadcrumbList","@id":"https:\/\/www.curatec.de\/curatec\/impressum\/#breadcrumb","itemListElement":[{"@type":"ListItem","position":1,"name":"Home","item":"https:\/\/www.curatec.de\/curatec\/"},{"@type":"ListItem","position":2,"name":"Impressum"}]},{"@type":"WebSite","@id":"https:\/\/www.curatec.de\/curatec\/#website","url":"https:\/\/www.curatec.de\/curatec\/","name":"Curatec","description":"","publisher":{"@id":"https:\/\/www.curatec.de\/curatec\/#organization"},"potentialAction":[{"@type":"SearchAction","target":{"@type":"EntryPoint","urlTemplate":"https:\/\/www.curatec.de\/curatec\/?s={search_term_string}"},"query-input":{"@type":"PropertyValueSpecification","valueRequired":true,"valueName":"search_term_string"}}],"inLanguage":"de"},{"@type":"Organization","@id":"https:\/\/www.curatec.de\/curatec\/#organization","name":"Curatec Services GmbH","alternateName":"Curatec","url":"https:\/\/www.curatec.de\/curatec\/","logo":{"@type":"ImageObject","inLanguage":"de","@id":"https:\/\/www.curatec.de\/curatec\/#\/schema\/logo\/image\/","url":"https:\/\/www.curatec.de\/curatec\/wp-content\/uploads\/2022\/04\/Curatec-Logo.png","contentUrl":"https:\/\/www.curatec.de\/curatec\/wp-content\/uploads\/2022\/04\/Curatec-Logo.png","width":770,"height":170,"caption":"Curatec Services GmbH"},"image":{"@id":"https:\/\/www.curatec.de\/curatec\/#\/schema\/logo\/image\/"}}]}},"_links":{"self":[{"href":"https:\/\/www.curatec.de\/curatec\/wp-json\/wp\/v2\/pages\/497"}],"collection":[{"href":"https:\/\/www.curatec.de\/curatec\/wp-json\/wp\/v2\/pages"}],"about":[{"href":"https:\/\/www.curatec.de\/curatec\/wp-json\/wp\/v2\/types\/page"}],"author":[{"embeddable":true,"href":"https:\/\/www.curatec.de\/curatec\/wp-json\/wp\/v2\/users\/1"}],"replies":[{"embeddable":true,"href":"https:\/\/www.curatec.de\/curatec\/wp-json\/wp\/v2\/comments?post=497"}],"version-history":[{"count":13,"href":"https:\/\/www.curatec.de\/curatec\/wp-json\/wp\/v2\/pages\/497\/revisions"}],"predecessor-version":[{"id":1972,"href":"https:\/\/www.curatec.de\/curatec\/wp-json\/wp\/v2\/pages\/497\/revisions\/1972"}],"wp:attachment":[{"href":"https:\/\/www.curatec.de\/curatec\/wp-json\/wp\/v2\/media?parent=497"}],"curies":[{"name":"wp","href":"https:\/\/api.w.org\/{rel}","templated":true}]}}